{"id":7439,"date":"2023-04-21T16:46:50","date_gmt":"2023-04-21T09:46:50","guid":{"rendered":"https:\/\/thiento.vn\/?post_type=product&#038;p=7439"},"modified":"2023-05-05T11:51:21","modified_gmt":"2023-05-05T04:51:21","slug":"gexa-la-tap-doan-san-xuat-vat-lieu-polyme-cao-cap-den-tu-nga-voi-25-nam-kinh-nghiem","status":"publish","type":"product","link":"https:\/\/www.thiento.vn\/en\/product\/gexa-la-tap-doan-san-xuat-vat-lieu-polyme-cao-cap-den-tu-nga-voi-25-nam-kinh-nghiem","title":{"rendered":"Gexa is a corporation producing high-quality polymeric materials from Russia with 25 years of experience."},"content":{"rendered":"<p>- GEXA carries out the entire production cycle from the time the polypropylene pellets are loaded into the extruder to the time it is delivered to the customer.<br \/>\n- More than 2000 professionall-trained staff<br \/>\n- Quality meets international standards ISO 9001: 2015 and GOST ISO 13485-2017 of Russia<br \/>\n- 22 business locations in Russia and the countries of the former Soviet Union<br \/>\n- 5 modern factories in Russia<br \/>\n- 25 tons of products per year<br \/>\n- 15 square kilometers of warehouse area<br \/>\n- Have your own logistics company<br \/>\n<img loading=\"lazy\" decoding=\"async\" src=\"https:\/\/thiento.vn\/wp-content\/uploads\/2023\/04\/Picture2-206x185.png\" alt=\"\" width=\"206\" height=\"185\" class=\"alignnone size-medium wp-image-7440\" srcset=\"https:\/\/www.thiento.vn\/wp-content\/uploads\/2023\/04\/Picture2-206x185.png 206w, https:\/\/www.thiento.vn\/wp-content\/uploads\/2023\/04\/Picture2-13x12.png 13w, https:\/\/www.thiento.vn\/wp-content\/uploads\/2023\/04\/Picture2.png 236w\" sizes=\"auto, (max-width: 206px) 100vw, 206px\" \/><\/p>\n<p>\u201cGexa - medical products\u201d: Disposable medical products and materials: masks, surgical instruments, medical clothing, medical underwear and other products<br \/>\n+ 220 million products per year<br \/>\n+ 2057 product categories in the catalog<br \/>\n+ 36 complex kits, developed using exclusive advanced technology<br \/>\n+ 90% of medical facilities in Russia use the product<\/p>\n<p>Hypoallergenic 3-layer disposable mask with nose bridge<br \/>\nThe main filter element of the mask is the middle layer, which consists of a melt-blown fabric. Bacterial filtration efficiency \u2265 95%.<br \/>\nThe increased depth of the folds of the mask allows you to place it comfortably on your face.<br \/>\nThe mask is fixed on the head with a soft elastic band.<br \/>\nA mask with an elastic band with a pattern for children is manufactured for use in pediatrics.<br \/>\n<img loading=\"lazy\" decoding=\"async\" src=\"https:\/\/thiento.vn\/wp-content\/uploads\/2023\/04\/Med-Export-RU_compressed-1-206x87.jpg\" alt=\"\" width=\"618\" height=\"261\" class=\"alignnone size-medium wp-image-7441\" srcset=\"https:\/\/www.thiento.vn\/wp-content\/uploads\/2023\/04\/Med-Export-RU_compressed-1-206x87.jpg 206w, https:\/\/www.thiento.vn\/wp-content\/uploads\/2023\/04\/Med-Export-RU_compressed-1-1024x432.jpg 1024w, https:\/\/www.thiento.vn\/wp-content\/uploads\/2023\/04\/Med-Export-RU_compressed-1-768x324.jpg 768w, https:\/\/www.thiento.vn\/wp-content\/uploads\/2023\/04\/Med-Export-RU_compressed-1-18x8.jpg 18w, https:\/\/www.thiento.vn\/wp-content\/uploads\/2023\/04\/Med-Export-RU_compressed-1-405x171.jpg 405w, https:\/\/www.thiento.vn\/wp-content\/uploads\/2023\/04\/Med-Export-RU_compressed-1.jpg 1369w\" sizes=\"auto, (max-width: 618px) 100vw, 618px\" \/><br \/>\nDisposable shoe covers<br \/>\nThe low-cut upper with elastic fixed around the hem is made of durable, air-tight non-woven fabric. Applicable to work in rooms that need to be clean, such as delivery room, operating room, etc.<br \/>\nThere are also shoe covers with dual soles, with an extra layer in the sole to prevent water absorption.<br \/>\n- Shoe cover (spunbond, density 35\/42 gr\/m2)<br \/>\n- Shoe covers with dual soles (spunbond, density 25\/42 gr\/m2 and multi-layer spunbond for soles)<br \/>\n<img loading=\"lazy\" decoding=\"async\" src=\"https:\/\/thiento.vn\/wp-content\/uploads\/2023\/04\/Med-Export-RU_compressed-2-206x74.jpg\" alt=\"\" width=\"618\" height=\"222\" class=\"alignnone size-medium wp-image-7442\" srcset=\"https:\/\/www.thiento.vn\/wp-content\/uploads\/2023\/04\/Med-Export-RU_compressed-2-206x74.jpg 206w, https:\/\/www.thiento.vn\/wp-content\/uploads\/2023\/04\/Med-Export-RU_compressed-2-1024x369.jpg 1024w, https:\/\/www.thiento.vn\/wp-content\/uploads\/2023\/04\/Med-Export-RU_compressed-2-768x277.jpg 768w, https:\/\/www.thiento.vn\/wp-content\/uploads\/2023\/04\/Med-Export-RU_compressed-2-18x6.jpg 18w, https:\/\/www.thiento.vn\/wp-content\/uploads\/2023\/04\/Med-Export-RU_compressed-2-405x146.jpg 405w, https:\/\/www.thiento.vn\/wp-content\/uploads\/2023\/04\/Med-Export-RU_compressed-2.jpg 1317w\" sizes=\"auto, (max-width: 618px) 100vw, 618px\" \/><br \/>\nDisposable medical cap<br \/>\nWide range of disposable caps for short, long and puffy hair.<br \/>\nDisposable medical cap can be used by patients and medical staff.<br \/>\n<img loading=\"lazy\" decoding=\"async\" src=\"https:\/\/thiento.vn\/wp-content\/uploads\/2023\/04\/Med-Export-RU_compressed-3-176x206.jpg\" alt=\"\" width=\"522\" height=\"618\" class=\"alignnone size-medium wp-image-7443\" \/><\/p>\n<p>-The \u201cPlisse\u201d model can be used as caps for patients and medical staff in hospitals and clinics. The large cap size ensures comfortable use for long or voluminous hairstyles. The soft elastic band helps fix the cap firmly and does not leave marks on the face when worn for a long time. When folded it is very compact and easy to store.<br \/>\n<img loading=\"lazy\" decoding=\"async\" src=\"https:\/\/thiento.vn\/wp-content\/uploads\/2023\/04\/Capture3.png\" alt=\"\" width=\"643\" height=\"89\" class=\"alignnone size-full wp-image-7471\" srcset=\"https:\/\/www.thiento.vn\/wp-content\/uploads\/2023\/04\/Capture3.png 643w, https:\/\/www.thiento.vn\/wp-content\/uploads\/2023\/04\/Capture3-206x29.png 206w, https:\/\/www.thiento.vn\/wp-content\/uploads\/2023\/04\/Capture3-18x2.png 18w, https:\/\/www.thiento.vn\/wp-content\/uploads\/2023\/04\/Capture3-405x56.png 405w\" sizes=\"auto, (max-width: 643px) 100vw, 643px\" \/><\/p>\n<p>-The \"Rondelle\" model can be used as a cap for patients and medical staff in hospitals and clinics. The large size of the cap makes it comfortable to use for puffy hairstyles. The soft elastic band helps fix the cap firmly and does not leave marks on the face when worn for a long time.<br \/>\n<img loading=\"lazy\" decoding=\"async\" src=\"https:\/\/thiento.vn\/wp-content\/uploads\/2023\/04\/Med-Export-RU_compressed-4-204x206.jpg\" alt=\"\" width=\"612\" height=\"618\" class=\"alignnone size-medium wp-image-7444\" srcset=\"https:\/\/www.thiento.vn\/wp-content\/uploads\/2023\/04\/Med-Export-RU_compressed-4-204x206.jpg 204w, https:\/\/www.thiento.vn\/wp-content\/uploads\/2023\/04\/Med-Export-RU_compressed-4-60x60.jpg 60w, https:\/\/www.thiento.vn\/wp-content\/uploads\/2023\/04\/Med-Export-RU_compressed-4-12x12.jpg 12w, https:\/\/www.thiento.vn\/wp-content\/uploads\/2023\/04\/Med-Export-RU_compressed-4-405x410.jpg 405w, https:\/\/www.thiento.vn\/wp-content\/uploads\/2023\/04\/Med-Export-RU_compressed-4-100x100.jpg 100w, https:\/\/www.thiento.vn\/wp-content\/uploads\/2023\/04\/Med-Export-RU_compressed-4-150x150.jpg 150w, https:\/\/www.thiento.vn\/wp-content\/uploads\/2023\/04\/Med-Export-RU_compressed-4.jpg 506w\" sizes=\"auto, (max-width: 612px) 100vw, 612px\" \/><br \/>\n<img loading=\"lazy\" decoding=\"async\" src=\"https:\/\/thiento.vn\/wp-content\/uploads\/2023\/04\/Capture2-1.png\" alt=\"\" width=\"679\" height=\"76\" class=\"alignnone size-full wp-image-7470\" srcset=\"https:\/\/www.thiento.vn\/wp-content\/uploads\/2023\/04\/Capture2-1.png 679w, https:\/\/www.thiento.vn\/wp-content\/uploads\/2023\/04\/Capture2-1-206x23.png 206w, https:\/\/www.thiento.vn\/wp-content\/uploads\/2023\/04\/Capture2-1-18x2.png 18w, https:\/\/www.thiento.vn\/wp-content\/uploads\/2023\/04\/Capture2-1-405x45.png 405w\" sizes=\"auto, (max-width: 679px) 100vw, 679px\" \/><\/p>\n<p>Disposable cap tied at the back<br \/>\n-Model \"Pilot\" - high cap made of airtight material, with a fastener for fixing at the back of the head. Suitable for both short and long hair.<br \/>\n<img loading=\"lazy\" decoding=\"async\" src=\"https:\/\/thiento.vn\/wp-content\/uploads\/2023\/04\/Med-Export-RU_compressed-5-138x206.jpg\" alt=\"\" width=\"414\" height=\"618\" class=\"alignnone size-medium wp-image-7445\" srcset=\"https:\/\/www.thiento.vn\/wp-content\/uploads\/2023\/04\/Med-Export-RU_compressed-5-138x206.jpg 138w, https:\/\/www.thiento.vn\/wp-content\/uploads\/2023\/04\/Med-Export-RU_compressed-5-8x12.jpg 8w, https:\/\/www.thiento.vn\/wp-content\/uploads\/2023\/04\/Med-Export-RU_compressed-5-405x604.jpg 405w, https:\/\/www.thiento.vn\/wp-content\/uploads\/2023\/04\/Med-Export-RU_compressed-5.jpg 441w\" sizes=\"auto, (max-width: 414px) 100vw, 414px\" \/><\/p>\n<p><img loading=\"lazy\" decoding=\"async\" src=\"https:\/\/thiento.vn\/wp-content\/uploads\/2023\/04\/Capture-206x40.png\" alt=\"\" width=\"618\" height=\"120\" class=\"alignnone size-medium wp-image-7446\" srcset=\"https:\/\/www.thiento.vn\/wp-content\/uploads\/2023\/04\/Capture-206x40.png 206w, https:\/\/www.thiento.vn\/wp-content\/uploads\/2023\/04\/Capture-18x4.png 18w, https:\/\/www.thiento.vn\/wp-content\/uploads\/2023\/04\/Capture-405x79.png 405w, https:\/\/www.thiento.vn\/wp-content\/uploads\/2023\/04\/Capture.png 664w\" sizes=\"auto, (max-width: 618px) 100vw, 618px\" \/><\/p>\n<p>- Model \"Bone\" - high cap with flaps made of airtight material, with a fastener for fixing at the back of the head. Suitable for both short and long hair.<\/p>\n<p><img loading=\"lazy\" decoding=\"async\" src=\"https:\/\/thiento.vn\/wp-content\/uploads\/2023\/04\/Med-Export-RU_compressed-6-203x206.jpg\" alt=\"\" width=\"609\" height=\"618\" class=\"alignnone size-medium wp-image-7447\" srcset=\"https:\/\/www.thiento.vn\/wp-content\/uploads\/2023\/04\/Med-Export-RU_compressed-6-203x206.jpg 203w, https:\/\/www.thiento.vn\/wp-content\/uploads\/2023\/04\/Med-Export-RU_compressed-6-60x60.jpg 60w, https:\/\/www.thiento.vn\/wp-content\/uploads\/2023\/04\/Med-Export-RU_compressed-6-12x12.jpg 12w, https:\/\/www.thiento.vn\/wp-content\/uploads\/2023\/04\/Med-Export-RU_compressed-6-405x411.jpg 405w, https:\/\/www.thiento.vn\/wp-content\/uploads\/2023\/04\/Med-Export-RU_compressed-6-100x100.jpg 100w, https:\/\/www.thiento.vn\/wp-content\/uploads\/2023\/04\/Med-Export-RU_compressed-6.jpg 513w\" sizes=\"auto, (max-width: 609px) 100vw, 609px\" \/><\/p>\n<p><img loading=\"lazy\" decoding=\"async\" src=\"https:\/\/thiento.vn\/wp-content\/uploads\/2023\/04\/Capture-1.png\" alt=\"\" width=\"652\" height=\"90\" class=\"alignnone size-full wp-image-7469\" srcset=\"https:\/\/www.thiento.vn\/wp-content\/uploads\/2023\/04\/Capture-1.png 652w, https:\/\/www.thiento.vn\/wp-content\/uploads\/2023\/04\/Capture-1-206x28.png 206w, https:\/\/www.thiento.vn\/wp-content\/uploads\/2023\/04\/Capture-1-18x2.png 18w, https:\/\/www.thiento.vn\/wp-content\/uploads\/2023\/04\/Capture-1-405x56.png 405w\" sizes=\"auto, (max-width: 652px) 100vw, 652px\" \/><br \/>\nDisposable sterile and non-sterile bed sheets and napkins<br \/>\nDisposable bed sheets and napkins in perforated rolls<br \/>\nBed sheets and napkins are made from a variety of non-woven fabrics. It depends on its application purpose. Wide range of bed sheets and napkins in different sizes.<br \/>\n<img loading=\"lazy\" decoding=\"async\" src=\"https:\/\/thiento.vn\/wp-content\/uploads\/2023\/04\/Med-Export-RU_compressed-7-206x66.jpg\" alt=\"\" width=\"618\" height=\"198\" class=\"alignnone size-medium wp-image-7448\" srcset=\"https:\/\/www.thiento.vn\/wp-content\/uploads\/2023\/04\/Med-Export-RU_compressed-7-206x66.jpg 206w, https:\/\/www.thiento.vn\/wp-content\/uploads\/2023\/04\/Med-Export-RU_compressed-7-1024x329.jpg 1024w, https:\/\/www.thiento.vn\/wp-content\/uploads\/2023\/04\/Med-Export-RU_compressed-7-768x247.jpg 768w, https:\/\/www.thiento.vn\/wp-content\/uploads\/2023\/04\/Med-Export-RU_compressed-7-1536x494.jpg 1536w, https:\/\/www.thiento.vn\/wp-content\/uploads\/2023\/04\/Med-Export-RU_compressed-7-18x6.jpg 18w, https:\/\/www.thiento.vn\/wp-content\/uploads\/2023\/04\/Med-Export-RU_compressed-7-405x130.jpg 405w, https:\/\/www.thiento.vn\/wp-content\/uploads\/2023\/04\/Med-Export-RU_compressed-7.jpg 1608w\" sizes=\"auto, (max-width: 618px) 100vw, 618px\" \/><\/p>\n<p>Non-woven fabrics for medical products<br \/>\n1. Material: Spunbond. Density: 15\/18\/20\/25\/35\/35\/42 gr\/m2. Application: Production of surgical gowns, clothing, bed sheets, napkins, shoe covers, toilet rolls, etc.<br \/>\n2. Material: SMS. Density: 20\/25\/35\/42 gr\/m2. Application: Production of surgical gowns, clothing, bed sheets, napkins, shoe covers, etc.<br \/>\n3. Material: Laminate spunbond. Density: 40\/50\/60 gr\/m2. Application: To produce protective zone of surgical gown; for the production of aprons, shoe covers, sleeves, bed sheets, napkins, toilet rolls, etc.<br \/>\n<img loading=\"lazy\" decoding=\"async\" src=\"https:\/\/thiento.vn\/wp-content\/uploads\/2023\/04\/Med-Export-RU_compressed-8-206x104.jpg\" alt=\"\" width=\"618\" height=\"312\" class=\"alignnone size-medium wp-image-7449\" srcset=\"https:\/\/www.thiento.vn\/wp-content\/uploads\/2023\/04\/Med-Export-RU_compressed-8-206x104.jpg 206w, https:\/\/www.thiento.vn\/wp-content\/uploads\/2023\/04\/Med-Export-RU_compressed-8-768x387.jpg 768w, https:\/\/www.thiento.vn\/wp-content\/uploads\/2023\/04\/Med-Export-RU_compressed-8-18x9.jpg 18w, https:\/\/www.thiento.vn\/wp-content\/uploads\/2023\/04\/Med-Export-RU_compressed-8-405x204.jpg 405w, https:\/\/www.thiento.vn\/wp-content\/uploads\/2023\/04\/Med-Export-RU_compressed-8.jpg 894w\" sizes=\"auto, (max-width: 618px) 100vw, 618px\" \/><br \/>\nBreathable polypropylene non-woven fabric<br \/>\nMulti-layer Tutami material of different density with different properties for medical and surgical clothing.<br \/>\n<img loading=\"lazy\" decoding=\"async\" src=\"https:\/\/thiento.vn\/wp-content\/uploads\/2023\/04\/Capture2-206x152.png\" alt=\"\" width=\"618\" height=\"456\" class=\"alignnone size-medium wp-image-7450\" srcset=\"https:\/\/www.thiento.vn\/wp-content\/uploads\/2023\/04\/Capture2-206x152.png 206w, https:\/\/www.thiento.vn\/wp-content\/uploads\/2023\/04\/Capture2-16x12.png 16w, https:\/\/www.thiento.vn\/wp-content\/uploads\/2023\/04\/Capture2-405x299.png 405w, https:\/\/www.thiento.vn\/wp-content\/uploads\/2023\/04\/Capture2.png 650w\" sizes=\"auto, (max-width: 618px) 100vw, 618px\" \/><\/p>","protected":false},"excerpt":{"rendered":"<p>&#8211; GEXA th\u1ef1c hi\u1ec7n to\u00e0n b\u1ed9 chu k\u00ec s\u1ea3n xu\u1ea5t t\u1eeb l\u00fac cho h\u1ea1t polypropilen v\u00e0o m\u00e1y \u0111\u00f9n \u0111\u1ebfn khi giao h\u00e0ng t\u1edbi tay kh\u00e1ch h\u00e0ng &#8211; H\u01a1n 2000 nh\u00e2n vi\u00ean \u0111\u01b0\u1ee3c \u0111\u00e0o t\u1ea1o chuy\u00ean nghi\u1ec7p &#8211; Ch\u1ea5t l\u01b0\u1ee3ng \u0111\u1ea1t chu\u1ea9n qu\u1ed1c t\u1ebf ISO 9001:2015 v\u00e0 GOST ISO 13485-2017 c\u1ee7a Nga &#8211; 22 \u0111i\u1ec3m kinh [&#8230;]","protected":false},"featured_media":7474,"comment_status":"closed","ping_status":"closed","template":"","meta":[],"product_brand":[],"product_cat":[75],"product_tag":[],"class_list":{"0":"post-7439","1":"product","2":"type-product","3":"status-publish","4":"has-post-thumbnail","6":"product_cat-san-pham","8":"first","9":"instock","10":"shipping-taxable","11":"product-type-simple"},"_links":{"self":[{"href":"https:\/\/www.thiento.vn\/en\/wp-json\/wp\/v2\/product\/7439","targetHints":{"allow":["GET"]}}],"collection":[{"href":"https:\/\/www.thiento.vn\/en\/wp-json\/wp\/v2\/product"}],"about":[{"href":"https:\/\/www.thiento.vn\/en\/wp-json\/wp\/v2\/types\/product"}],"replies":[{"embeddable":true,"href":"https:\/\/www.thiento.vn\/en\/wp-json\/wp\/v2\/comments?post=7439"}],"wp:featuredmedia":[{"embeddable":true,"href":"https:\/\/www.thiento.vn\/en\/wp-json\/wp\/v2\/media\/7474"}],"wp:attachment":[{"href":"https:\/\/www.thiento.vn\/en\/wp-json\/wp\/v2\/media?parent=7439"}],"wp:term":[{"taxonomy":"product_brand","embeddable":true,"href":"https:\/\/www.thiento.vn\/en\/wp-json\/wp\/v2\/product_brand?post=7439"},{"taxonomy":"product_cat","embeddable":true,"href":"https:\/\/www.thiento.vn\/en\/wp-json\/wp\/v2\/product_cat?post=7439"},{"taxonomy":"product_tag","embeddable":true,"href":"https:\/\/www.thiento.vn\/en\/wp-json\/wp\/v2\/product_tag?post=7439"}],"curies":[{"name":"wp","href":"https:\/\/api.w.org\/{rel}","templated":true}]}}