{"id":7427,"date":"2023-04-21T16:38:09","date_gmt":"2023-04-21T09:38:09","guid":{"rendered":"https:\/\/thiento.vn\/?post_type=product&#038;p=7427"},"modified":"2023-04-21T17:34:56","modified_gmt":"2023-04-21T10:34:56","slug":"geospan-cac-san-pham-va-vat-lieu-xay-dung-duong-bo-duong-sat-va-cac-san-pham-khac","status":"publish","type":"product","link":"https:\/\/www.thiento.vn\/en\/product\/geospan-cac-san-pham-va-vat-lieu-xay-dung-duong-bo-duong-sat-va-cac-san-pham-khac","title":{"rendered":"\u201cGeospan\u201d: Road, railway and other construction products and materials"},"content":{"rendered":"<p>\u201cGeospan\u201d: Road, railway and other construction products and materials<br \/>\n+ 150 thousand km of materials have been produced<br \/>\n+ 600 construction projects using the product<br \/>\n+ 50 years of product quality guarantee<br \/>\n+ 50 interstate and toll roads using the product<br \/>\n<img loading=\"lazy\" decoding=\"async\" src=\"https:\/\/thiento.vn\/wp-content\/uploads\/2023\/04\/geospan-2022_compressed-1-206x113.jpg\" alt=\"\" width=\"618\" height=\"339\" class=\"alignnone size-medium wp-image-7428\" srcset=\"https:\/\/www.thiento.vn\/wp-content\/uploads\/2023\/04\/geospan-2022_compressed-1-206x113.jpg 206w, https:\/\/www.thiento.vn\/wp-content\/uploads\/2023\/04\/geospan-2022_compressed-1-1024x564.jpg 1024w, https:\/\/www.thiento.vn\/wp-content\/uploads\/2023\/04\/geospan-2022_compressed-1-768x423.jpg 768w, https:\/\/www.thiento.vn\/wp-content\/uploads\/2023\/04\/geospan-2022_compressed-1-1536x846.jpg 1536w, https:\/\/www.thiento.vn\/wp-content\/uploads\/2023\/04\/geospan-2022_compressed-1-2048x1128.jpg 2048w, https:\/\/www.thiento.vn\/wp-content\/uploads\/2023\/04\/geospan-2022_compressed-1-18x10.jpg 18w, https:\/\/www.thiento.vn\/wp-content\/uploads\/2023\/04\/geospan-2022_compressed-1-405x223.jpg 405w\" sizes=\"auto, (max-width: 618px) 100vw, 618px\" \/><\/p>\n<p>Geospan - geosynthetic material for road construction<br \/>\n<img loading=\"lazy\" decoding=\"async\" src=\"https:\/\/thiento.vn\/wp-content\/uploads\/2023\/04\/geospan-2022_compressed-2-206x126.jpg\" alt=\"\" width=\"618\" height=\"378\" class=\"alignnone size-medium wp-image-7429\" srcset=\"https:\/\/www.thiento.vn\/wp-content\/uploads\/2023\/04\/geospan-2022_compressed-2-206x126.jpg 206w, https:\/\/www.thiento.vn\/wp-content\/uploads\/2023\/04\/geospan-2022_compressed-2-1536x943.jpg 1536w, https:\/\/www.thiento.vn\/wp-content\/uploads\/2023\/04\/geospan-2022_compressed-2-2048x1257.jpg 2048w, https:\/\/www.thiento.vn\/wp-content\/uploads\/2023\/04\/geospan-2022_compressed-2-18x12.jpg 18w, https:\/\/www.thiento.vn\/wp-content\/uploads\/2023\/04\/geospan-2022_compressed-2-405x249.jpg 405w\" sizes=\"auto, (max-width: 618px) 100vw, 618px\" \/><br \/>\n<strong>Geosynthetics for the lower layers of the road surface<\/strong><\/p>\n<p><img loading=\"lazy\" decoding=\"async\" src=\"https:\/\/thiento.vn\/wp-content\/uploads\/2023\/04\/geospan-2022_compressed-3-206x136.jpg\" alt=\"\" width=\"618\" height=\"408\" class=\"alignnone size-medium wp-image-7430\" srcset=\"https:\/\/www.thiento.vn\/wp-content\/uploads\/2023\/04\/geospan-2022_compressed-3-206x136.jpg 206w, https:\/\/www.thiento.vn\/wp-content\/uploads\/2023\/04\/geospan-2022_compressed-3-1024x676.jpg 1024w, https:\/\/www.thiento.vn\/wp-content\/uploads\/2023\/04\/geospan-2022_compressed-3-768x507.jpg 768w, https:\/\/www.thiento.vn\/wp-content\/uploads\/2023\/04\/geospan-2022_compressed-3-1536x1014.jpg 1536w, https:\/\/www.thiento.vn\/wp-content\/uploads\/2023\/04\/geospan-2022_compressed-3-2048x1352.jpg 2048w, https:\/\/www.thiento.vn\/wp-content\/uploads\/2023\/04\/geospan-2022_compressed-3-18x12.jpg 18w, https:\/\/www.thiento.vn\/wp-content\/uploads\/2023\/04\/geospan-2022_compressed-3-405x267.jpg 405w\" sizes=\"auto, (max-width: 618px) 100vw, 618px\" \/><\/p>\n<p>Reinforce soil wall with Geospan block<br \/>\nDeveloped based on the experience of using various reinforced soil systems used on the territory of Russia and the countries of the former Soviet Union. Use for main structures of frame walls on solid and subsidence foundations, in cities with tight conditions and on embankment approaches to underpasses and bridges.<br \/>\n<img loading=\"lazy\" decoding=\"async\" src=\"https:\/\/thiento.vn\/wp-content\/uploads\/2023\/04\/geospan-2022_compressed-4a-206x186.jpg\" alt=\"\" width=\"618\" height=\"558\" class=\"alignnone size-medium wp-image-7431\" srcset=\"https:\/\/www.thiento.vn\/wp-content\/uploads\/2023\/04\/geospan-2022_compressed-4a-206x186.jpg 206w, https:\/\/www.thiento.vn\/wp-content\/uploads\/2023\/04\/geospan-2022_compressed-4a-1024x926.jpg 1024w, https:\/\/www.thiento.vn\/wp-content\/uploads\/2023\/04\/geospan-2022_compressed-4a-768x694.jpg 768w, https:\/\/www.thiento.vn\/wp-content\/uploads\/2023\/04\/geospan-2022_compressed-4a-13x12.jpg 13w, https:\/\/www.thiento.vn\/wp-content\/uploads\/2023\/04\/geospan-2022_compressed-4a-405x366.jpg 405w, https:\/\/www.thiento.vn\/wp-content\/uploads\/2023\/04\/geospan-2022_compressed-4a.jpg 1326w\" sizes=\"auto, (max-width: 618px) 100vw, 618px\" \/><\/p>\n<p><img loading=\"lazy\" decoding=\"async\" src=\"https:\/\/thiento.vn\/wp-content\/uploads\/2023\/04\/geospan-2022_compressed-4b-206x200.jpg\" alt=\"\" width=\"618\" height=\"600\" class=\"alignnone size-medium wp-image-7432\" srcset=\"https:\/\/www.thiento.vn\/wp-content\/uploads\/2023\/04\/geospan-2022_compressed-4b-206x200.jpg 206w, https:\/\/www.thiento.vn\/wp-content\/uploads\/2023\/04\/geospan-2022_compressed-4b-1024x996.jpg 1024w, https:\/\/www.thiento.vn\/wp-content\/uploads\/2023\/04\/geospan-2022_compressed-4b-768x747.jpg 768w, https:\/\/www.thiento.vn\/wp-content\/uploads\/2023\/04\/geospan-2022_compressed-4b-12x12.jpg 12w, https:\/\/www.thiento.vn\/wp-content\/uploads\/2023\/04\/geospan-2022_compressed-4b-405x394.jpg 405w, https:\/\/www.thiento.vn\/wp-content\/uploads\/2023\/04\/geospan-2022_compressed-4b.jpg 1236w\" sizes=\"auto, (max-width: 618px) 100vw, 618px\" \/><\/p>\n<p>Geogrid for asphalt concrete<\/p>\n<p><img loading=\"lazy\" decoding=\"async\" src=\"https:\/\/thiento.vn\/wp-content\/uploads\/2023\/04\/geospan-2022_compressed-5-206x126.jpg\" alt=\"\" width=\"618\" height=\"378\" class=\"alignnone size-medium wp-image-7433\" srcset=\"https:\/\/www.thiento.vn\/wp-content\/uploads\/2023\/04\/geospan-2022_compressed-5-206x126.jpg 206w, https:\/\/www.thiento.vn\/wp-content\/uploads\/2023\/04\/geospan-2022_compressed-5-1536x943.jpg 1536w, https:\/\/www.thiento.vn\/wp-content\/uploads\/2023\/04\/geospan-2022_compressed-5-2048x1257.jpg 2048w, https:\/\/www.thiento.vn\/wp-content\/uploads\/2023\/04\/geospan-2022_compressed-5-18x12.jpg 18w, https:\/\/www.thiento.vn\/wp-content\/uploads\/2023\/04\/geospan-2022_compressed-5-405x249.jpg 405w\" sizes=\"auto, (max-width: 618px) 100vw, 618px\" \/><\/p>\n<p>Woven geotextiles and composite materials<\/p>\n<p><img loading=\"lazy\" decoding=\"async\" src=\"https:\/\/thiento.vn\/wp-content\/uploads\/2023\/04\/geospan-2022_compressed-6a-206x134.jpg\" alt=\"\" width=\"618\" height=\"402\" class=\"alignnone size-medium wp-image-7434\" srcset=\"https:\/\/www.thiento.vn\/wp-content\/uploads\/2023\/04\/geospan-2022_compressed-6a-206x134.jpg 206w, https:\/\/www.thiento.vn\/wp-content\/uploads\/2023\/04\/geospan-2022_compressed-6a-768x499.jpg 768w, https:\/\/www.thiento.vn\/wp-content\/uploads\/2023\/04\/geospan-2022_compressed-6a-18x12.jpg 18w, https:\/\/www.thiento.vn\/wp-content\/uploads\/2023\/04\/geospan-2022_compressed-6a-405x263.jpg 405w, https:\/\/www.thiento.vn\/wp-content\/uploads\/2023\/04\/geospan-2022_compressed-6a.jpg 1003w\" sizes=\"auto, (max-width: 618px) 100vw, 618px\" \/><br \/>\nGeospan TNPE woven geotextile - made of high tenacity polyester (PET). High stiffness 100 - 1200 kN\/m depending on the load to be taken to create reinforced structures (frame walls, reinforced soil slopes and bridge cones, high and on weak foundations soil filling)<\/p>\n<p><img loading=\"lazy\" decoding=\"async\" src=\"https:\/\/thiento.vn\/wp-content\/uploads\/2023\/04\/geospan-2022_compressed-6b-206x137.jpg\" alt=\"\" width=\"618\" height=\"411\" class=\"alignnone size-medium wp-image-7435\" srcset=\"https:\/\/www.thiento.vn\/wp-content\/uploads\/2023\/04\/geospan-2022_compressed-6b-206x137.jpg 206w, https:\/\/www.thiento.vn\/wp-content\/uploads\/2023\/04\/geospan-2022_compressed-6b-768x510.jpg 768w, https:\/\/www.thiento.vn\/wp-content\/uploads\/2023\/04\/geospan-2022_compressed-6b-18x12.jpg 18w, https:\/\/www.thiento.vn\/wp-content\/uploads\/2023\/04\/geospan-2022_compressed-6b-405x269.jpg 405w, https:\/\/www.thiento.vn\/wp-content\/uploads\/2023\/04\/geospan-2022_compressed-6b.jpg 1000w\" sizes=\"auto, (max-width: 618px) 100vw, 618px\" \/><br \/>\nGeospan TN M woven geotextile is a membrane (M) geosynthetic material, consisting of two layers of multi-layer woven geotextile. Designed to provide waterproofing in road construction.<\/p>\n<p>-\tAnti-erosion of slope surface<br \/>\n<img loading=\"lazy\" decoding=\"async\" src=\"https:\/\/thiento.vn\/wp-content\/uploads\/2023\/04\/geospan-2022_compressed-7a-206x150.jpg\" alt=\"\" width=\"618\" height=\"450\" class=\"alignnone size-medium wp-image-7436\" srcset=\"https:\/\/www.thiento.vn\/wp-content\/uploads\/2023\/04\/geospan-2022_compressed-7a-206x150.jpg 206w, https:\/\/www.thiento.vn\/wp-content\/uploads\/2023\/04\/geospan-2022_compressed-7a-768x559.jpg 768w, https:\/\/www.thiento.vn\/wp-content\/uploads\/2023\/04\/geospan-2022_compressed-7a-16x12.jpg 16w, https:\/\/www.thiento.vn\/wp-content\/uploads\/2023\/04\/geospan-2022_compressed-7a-405x295.jpg 405w, https:\/\/www.thiento.vn\/wp-content\/uploads\/2023\/04\/geospan-2022_compressed-7a.jpg 882w\" sizes=\"auto, (max-width: 618px) 100vw, 618px\" \/><br \/>\n- Geospan OR volumetric geogrid. Honeycomb structure made of polyethylene tape, fastened with high strength welds. In the stretched state forms a solid three-dimensional framework for fixing the aggregates in its cavities: sand, crushed rock, earth. Designed for erosion protection and slope reinforcement, grounding on soft soils.<br \/>\n<img loading=\"lazy\" decoding=\"async\" src=\"https:\/\/thiento.vn\/wp-content\/uploads\/2023\/04\/geospan-2022_compressed-7b-206x150.jpg\" alt=\"\" width=\"618\" height=\"450\" class=\"alignnone size-medium wp-image-7437\" srcset=\"https:\/\/www.thiento.vn\/wp-content\/uploads\/2023\/04\/geospan-2022_compressed-7b-206x150.jpg 206w, https:\/\/www.thiento.vn\/wp-content\/uploads\/2023\/04\/geospan-2022_compressed-7b-768x558.jpg 768w, https:\/\/www.thiento.vn\/wp-content\/uploads\/2023\/04\/geospan-2022_compressed-7b-18x12.jpg 18w, https:\/\/www.thiento.vn\/wp-content\/uploads\/2023\/04\/geospan-2022_compressed-7b-405x294.jpg 405w, https:\/\/www.thiento.vn\/wp-content\/uploads\/2023\/04\/geospan-2022_compressed-7b.jpg 879w\" sizes=\"auto, (max-width: 618px) 100vw, 618px\" \/><br \/>\n- Geospan PM anti-erosion mat. A flexible and lightweight geotextile with a chaotic three-dimensional structure, made of randomly interwoven, thermally bonded polymer fibers. Due to its structure, mats are successfully used to reinforce the surface of slopes and effectively protect against erosion until a stable root system of perennial grass is formed.<\/p>","protected":false},"excerpt":{"rendered":"<p>\u201cGeospan\u201d: C\u00e1c s\u1ea3n ph\u1ea9m v\u00e0 v\u1eadt li\u1ec7u x\u00e2y d\u1ef1ng \u0111\u01b0\u1eddng b\u1ed9, \u0111\u01b0\u1eddng s\u1eaft v\u00e0 c\u00e1c s\u1ea3n ph\u1ea9m kh\u00e1c + 150 ngh\u00ecn km v\u1eadt li\u1ec7u \u0111\u00e3 \u0111\u01b0\u1ee3c s\u1ea3n xu\u1ea5t + 600 d\u1ef1 \u00e1n x\u00e2y d\u1ef1ng s\u1eed d\u1ee5ng s\u1ea3n ph\u1ea9m + 50 n\u0103m \u0111\u1ea3m b\u1ea3o ch\u1ea5t l\u01b0\u1ee3ng c\u1ee7a s\u1ea3n ph\u1ea9m + 50 \u0111\u01b0\u1eddng li\u00ean bang v\u00e0 \u0111\u01b0\u1eddng [&#8230;]","protected":false},"featured_media":7473,"comment_status":"closed","ping_status":"closed","template":"","meta":[],"product_brand":[],"product_cat":[75],"product_tag":[],"class_list":{"0":"post-7427","1":"product","2":"type-product","3":"status-publish","4":"has-post-thumbnail","6":"product_cat-san-pham","8":"first","9":"instock","10":"shipping-taxable","11":"product-type-simple"},"_links":{"self":[{"href":"https:\/\/www.thiento.vn\/en\/wp-json\/wp\/v2\/product\/7427","targetHints":{"allow":["GET"]}}],"collection":[{"href":"https:\/\/www.thiento.vn\/en\/wp-json\/wp\/v2\/product"}],"about":[{"href":"https:\/\/www.thiento.vn\/en\/wp-json\/wp\/v2\/types\/product"}],"replies":[{"embeddable":true,"href":"https:\/\/www.thiento.vn\/en\/wp-json\/wp\/v2\/comments?post=7427"}],"wp:featuredmedia":[{"embeddable":true,"href":"https:\/\/www.thiento.vn\/en\/wp-json\/wp\/v2\/media\/7473"}],"wp:attachment":[{"href":"https:\/\/www.thiento.vn\/en\/wp-json\/wp\/v2\/media?parent=7427"}],"wp:term":[{"taxonomy":"product_brand","embeddable":true,"href":"https:\/\/www.thiento.vn\/en\/wp-json\/wp\/v2\/product_brand?post=7427"},{"taxonomy":"product_cat","embeddable":true,"href":"https:\/\/www.thiento.vn\/en\/wp-json\/wp\/v2\/product_cat?post=7427"},{"taxonomy":"product_tag","embeddable":true,"href":"https:\/\/www.thiento.vn\/en\/wp-json\/wp\/v2\/product_tag?post=7427"}],"curies":[{"name":"wp","href":"https:\/\/api.w.org\/{rel}","templated":true}]}}